{"id":18,"date":"2016-09-14T11:54:18","date_gmt":"2016-09-14T09:54:18","guid":{"rendered":"http:\/\/sergeradiuphoto.fr\/?page_id=18"},"modified":"2016-09-17T11:14:19","modified_gmt":"2016-09-17T09:14:19","slug":"bali","status":"publish","type":"page","link":"https:\/\/sergeradiuphoto.fr\/index.php\/series\/bali\/","title":{"rendered":"Bali"},"content":{"rendered":"<div id=\"grid-gallery-9-45470\" data-gg-id=\"9\" data-title=\"Bali\" data-grid-type=\"0\" data-offset=\"5.3\" data-area-position=\"center\" data-icons=\"\" data-preloader=\"true\" data-width=\"215\" data-height=\"215\" data-padding=\"0\" data-quicksand=\"disabled\" data-quicksand-duration=\"none\" data-popup-theme=\"theme_6\" data-popup-type=\"pretty-photo\" data-popup-image-text=\"data-title\" data-popup-widthsize=\"auto\" data-popup-heightsize=\"auto\" data-popup-i18n-words=\"{&quot;close&quot;:&quot;fermer&quot;,&quot;next&quot;:&quot;suivant&quot;,&quot;previous&quot;:&quot;pr\\u00e9c\\u00e9dent&quot;,&quot;start_slideshow&quot;:&quot;d\\u00e9marrer le diaporama&quot;,&quot;stop_slideshow&quot;:&quot;arr\\u00e9ter le diaporama&quot;,&quot;image&quot;:&quot;image&quot;,&quot;of&quot;:&quot;de&quot;,&quot;prev&quot;:&quot;pr\\u00e9c.&quot;,&quot;cExpand&quot;:&quot;Agrandir&quot;,&quot;cPrevious&quot;:&quot;Pr\\u00e9c\\u00e9dent&quot;,&quot;cNext&quot;:&quot;Suivant&quot;,&quot;cExpandStr&quot;:&quot;Agrandir l&#039;image&quot;,&quot;cRotate&quot;:&quot;Pivoter&quot;,&quot;cDetails&quot;:&quot;Details&quot;}\" data-popup-slideshow=\"false\" data-popup-slideshow-speed=\"2500\" data-popup-hoverstop=\"false\" data-popup-slideshow-auto=\"false\" data-popup-background=\"\" data-popup-transparency=\"30\" data-popup-disable-history=\"\" data-popup-disable-changed-url=\"\" data-popup-border-type=\"\" data-popup-border-color=\"\" data-popup-border-width=\"\" data-popup-border-enable=\"\" data-fullscreen=\"true\" data-hide-tooltip=\"false\" data-caption-font-family=\"Default\" data-caption-text-size=\"140\" data-is-mobile=\"0\" data-caption-mobile=\"false\" data-hide-long-tltp-title=\"0\" data-caption-disabled-on-mobile=\"false\" data-popup-placement-type=\"0\" data-social-sharing=\"{&quot;enabled&quot;:&quot;&quot;,&quot;gallerySharing&quot;:{&quot;enabled&quot;:null,&quot;position&quot;:null},&quot;imageSharing&quot;:{&quot;enabled&quot;:null,&quot;wrapperClass&quot;:&quot; vertical &quot;},&quot;popupSharing&quot;:{&quot;enabled&quot;:null,&quot;wrapperClass&quot;:&quot; vertical &quot;}}\" class=\"grid-gallery grid-gallery-fixed \" style=\" width:100%; height:auto; margin-left:auto; margin-right:auto;position:relative;\"> <div class=\"gallery-loading\"> <div class=\"blocks\"> <div class=\"block\"><\/div> <div class=\"block\"><\/div> <div class=\"block\"><\/div> <div class=\"block\"><\/div> <\/div> <\/div> <div class=\"gallery-sharing-top\" style=\"display:none;\"> <\/div> <div id=\"photos-9\" class=\"grid-gallery-photos\"><FIGURE class=\"grid-gallery-caption\" data-grid-gallery-type=\"half-slide\" data-index=\"0\" style=\"display:none;border-radius:00;; margin:5.3px; width:2150;\" ><div class=\"crop\" style=\" width:2150; height:2150; overflow:hidden;\"><img decoding=\"async\" src=\"http:\/\/sergeradiuphoto.fr\/wp-content\/uploads\/2016\/09\/bali-215x215.jpg\" class=\"ggImg\" alt=\"Bali\" title=\"Bali\" data-description=\"Bali\" data-caption=\"Bali\" data-title=\"Bali\" style=\" width:215px; height:215px;\" \/><\/div><FIGCAPTION class=\"\" data-alpha=\"5\" style=\"color:#ffffff; background-color:#b8b4b4; font-size:140; text-align:left; font-family:Default;\" ><div class=\"grid-gallery-figcaption-wrap\" style=\"\"><\/div><\/FIGCAPTION><\/FIGURE><FIGURE class=\"grid-gallery-caption\" data-grid-gallery-type=\"half-slide\" data-index=\"1\" style=\"display:none;border-radius:00;; margin:5.3px; width:2150;\" ><div class=\"crop\" style=\" width:2150; height:2150; overflow:hidden;\"><img decoding=\"async\" src=\"http:\/\/sergeradiuphoto.fr\/wp-content\/uploads\/2016\/09\/piscine-215x215.jpg\" class=\"ggImg\" alt=\"Piscine \u00e0 d\u00e9bordement (Bali)\" title=\"Piscine \u00e0 d\u00e9bordement (Bali)\" data-description=\"Piscine \u00e0 d\u00e9bordement (Bali)\" data-caption=\"Piscine \u00e0 d\u00e9bordement (Bali)\" data-title=\"Piscine \u00e0 d\u00e9bordement (Bali)\" style=\" width:215px; height:215px;\" \/><\/div><FIGCAPTION class=\"\" data-alpha=\"5\" style=\"color:#ffffff; background-color:#b8b4b4; font-size:140; text-align:left; font-family:Default;\" ><div class=\"grid-gallery-figcaption-wrap\" style=\"\"><\/div><\/FIGCAPTION><\/FIGURE><FIGURE class=\"grid-gallery-caption\" data-grid-gallery-type=\"half-slide\" data-index=\"2\" style=\"display:none;border-radius:00;; margin:5.3px; width:2150;\" ><div class=\"crop\" style=\" width:2150; height:2150; overflow:hidden;\"><img decoding=\"async\" src=\"http:\/\/sergeradiuphoto.fr\/wp-content\/uploads\/2016\/09\/ponton2-215x215.jpg\" class=\"ggImg\" alt=\"Ponton (Bali)\" title=\"Ponton (Bali)\" data-description=\"Ponton (Bali)\" data-caption=\"Ponton (Bali)\" data-title=\"Ponton (Bali)\" style=\" width:215px; height:215px;\" \/><\/div><FIGCAPTION class=\"\" data-alpha=\"5\" style=\"color:#ffffff; background-color:#b8b4b4; font-size:140; text-align:left; font-family:Default;\" ><div class=\"grid-gallery-figcaption-wrap\" style=\"\"><\/div><\/FIGCAPTION><\/FIGURE><FIGURE class=\"grid-gallery-caption\" data-grid-gallery-type=\"half-slide\" data-index=\"3\" style=\"display:none;border-radius:00;; margin:5.3px; width:2150;\" ><div class=\"crop\" style=\" width:2150; height:2150; overflow:hidden;\"><img decoding=\"async\" src=\"http:\/\/sergeradiuphoto.fr\/wp-content\/uploads\/2016\/09\/ponton-215x215.jpg\" class=\"ggImg\" alt=\"Ponton (Bali)\" title=\"Ponton (Bali)\" data-description=\"Ponton (Bali)\" data-caption=\"Ponton (Bali)\" data-title=\"Ponton (Bali)\" style=\" width:215px; height:215px;\" \/><\/div><FIGCAPTION class=\"\" data-alpha=\"5\" style=\"color:#ffffff; background-color:#b8b4b4; font-size:140; text-align:left; font-family:Default;\" ><div class=\"grid-gallery-figcaption-wrap\" style=\"\"><\/div><\/FIGCAPTION><\/FIGURE><FIGURE class=\"grid-gallery-caption\" data-grid-gallery-type=\"half-slide\" data-index=\"4\" style=\"display:none;border-radius:00;; margin:5.3px; width:2150;\" ><div class=\"crop\" style=\" width:2150; height:2150; overflow:hidden;\"><img decoding=\"async\" src=\"http:\/\/sergeradiuphoto.fr\/wp-content\/uploads\/2016\/09\/barques-1-215x215.jpg\" class=\"ggImg\" alt=\"Barques (Bali)\" title=\"Barques (Bali)\" data-description=\"Barques (Bali)\" data-caption=\"Barques (Bali)\" data-title=\"Barques (Bali)\" style=\" width:215px; height:215px;\" \/><\/div><FIGCAPTION class=\"\" data-alpha=\"5\" style=\"color:#ffffff; background-color:#b8b4b4; font-size:140; text-align:left; font-family:Default;\" ><div class=\"grid-gallery-figcaption-wrap\" style=\"\"><\/div><\/FIGCAPTION><\/FIGURE><FIGURE class=\"grid-gallery-caption\" data-grid-gallery-type=\"half-slide\" data-index=\"5\" style=\"display:none;border-radius:00;; margin:5.3px; width:2150;\" ><div class=\"crop\" style=\" width:2150; height:2150; overflow:hidden;\"><img decoding=\"async\" src=\"http:\/\/sergeradiuphoto.fr\/wp-content\/uploads\/2016\/09\/pecheur-215x215.jpg\" class=\"ggImg\" alt=\"P\u00eacheur (Bali)\" title=\"P\u00eacheur (Bali)\" data-description=\"P\u00eacheur (Bali)\" data-caption=\"P\u00eacheur (Bali)\" data-title=\"P\u00eacheur (Bali)\" style=\" width:215px; height:215px;\" \/><\/div><FIGCAPTION class=\"\" data-alpha=\"5\" style=\"color:#ffffff; background-color:#b8b4b4; font-size:140; text-align:left; font-family:Default;\" ><div class=\"grid-gallery-figcaption-wrap\" style=\"\"><\/div><\/FIGCAPTION><\/FIGURE><FIGURE class=\"grid-gallery-caption\" data-grid-gallery-type=\"half-slide\" data-index=\"6\" style=\"display:none;border-radius:00;; margin:5.3px; width:2150;\" ><div class=\"crop\" style=\" width:2150; height:2150; overflow:hidden;\"><img decoding=\"async\" src=\"http:\/\/sergeradiuphoto.fr\/wp-content\/uploads\/2016\/09\/ramassuerderiz-215x215.jpg\" class=\"ggImg\" alt=\"Ramasseur de riz (Bali)\" title=\"Ramasseur de riz (Bali)\" data-description=\"Ramasseur de riz (Bali)\" data-caption=\"Ramasseur de riz (Bali)\" data-title=\"Ramasseur de riz (Bali)\" style=\" width:215px; height:215px;\" \/><\/div><FIGCAPTION class=\"\" data-alpha=\"5\" style=\"color:#ffffff; background-color:#b8b4b4; font-size:140; text-align:left; font-family:Default;\" ><div class=\"grid-gallery-figcaption-wrap\" style=\"\"><\/div><\/FIGCAPTION><\/FIGURE><FIGURE class=\"grid-gallery-caption\" data-grid-gallery-type=\"half-slide\" data-index=\"7\" style=\"display:none;border-radius:00;; margin:5.3px; width:2150;\" ><div class=\"crop\" style=\" width:2150; height:2150; overflow:hidden;\"><img decoding=\"async\" src=\"http:\/\/sergeradiuphoto.fr\/wp-content\/uploads\/2016\/09\/rizieres3-215x215.jpg\" class=\"ggImg\" alt=\"Rizi\u00e8res (Bali)\" title=\"Rizi\u00e8res (Bali)\" data-description=\"Rizi\u00e8res (Bali)\" data-caption=\"Rizi\u00e8res (Bali)\" data-title=\"Rizi\u00e8res (Bali)\" style=\" width:215px; height:215px;\" \/><\/div><FIGCAPTION class=\"\" data-alpha=\"5\" style=\"color:#ffffff; background-color:#b8b4b4; font-size:140; text-align:left; font-family:Default;\" ><div class=\"grid-gallery-figcaption-wrap\" style=\"\"><\/div><\/FIGCAPTION><\/FIGURE><FIGURE class=\"grid-gallery-caption\" data-grid-gallery-type=\"half-slide\" data-index=\"8\" style=\"display:none;border-radius:00;; margin:5.3px; width:2150;\" ><div class=\"crop\" style=\" width:2150; height:2150; overflow:hidden;\"><img decoding=\"async\" src=\"http:\/\/sergeradiuphoto.fr\/wp-content\/uploads\/2016\/09\/riziere2-215x215.jpg\" class=\"ggImg\" alt=\"Rizi\u00e8res (Bali)\" title=\"Rizi\u00e8res (Bali)\" data-description=\"Rizi\u00e8res (Bali)\" data-caption=\"Rizi\u00e8res (Bali)\" data-title=\"Rizi\u00e8res (Bali)\" style=\" width:215px; height:215px;\" \/><\/div><FIGCAPTION class=\"\" data-alpha=\"5\" style=\"color:#ffffff; background-color:#b8b4b4; font-size:140; text-align:left; font-family:Default;\" ><div class=\"grid-gallery-figcaption-wrap\" style=\"\"><\/div><\/FIGCAPTION><\/FIGURE><FIGURE class=\"grid-gallery-caption\" data-grid-gallery-type=\"half-slide\" data-index=\"9\" style=\"display:none;border-radius:00;; margin:5.3px; width:2150;\" ><div class=\"crop\" style=\" width:2150; height:2150; overflow:hidden;\"><img decoding=\"async\" src=\"http:\/\/sergeradiuphoto.fr\/wp-content\/uploads\/2016\/09\/riziere4-215x215.jpg\" class=\"ggImg\" alt=\"Rizi\u00e8res (Bali)\" title=\"Rizi\u00e8res (Bali)\" data-description=\"Rizi\u00e8res (Bali)\" data-caption=\"Rizi\u00e8res (Bali)\" data-title=\"Rizi\u00e8res (Bali)\" style=\" width:215px; height:215px;\" \/><\/div><FIGCAPTION class=\"\" data-alpha=\"5\" style=\"color:#ffffff; background-color:#b8b4b4; font-size:140; text-align:left; font-family:Default;\" ><div class=\"grid-gallery-figcaption-wrap\" style=\"\"><\/div><\/FIGCAPTION><\/FIGURE><FIGURE class=\"grid-gallery-caption\" data-grid-gallery-type=\"half-slide\" data-index=\"10\" style=\"display:none;border-radius:00;; margin:5.3px; width:2150;\" ><div class=\"crop\" style=\" width:2150; height:2150; overflow:hidden;\"><img decoding=\"async\" src=\"http:\/\/sergeradiuphoto.fr\/wp-content\/uploads\/2016\/09\/riziere-215x215.jpg\" class=\"ggImg\" alt=\"Rizi\u00e8res (Bali)\" title=\"Rizi\u00e8res (Bali)\" data-description=\"Rizi\u00e8res (Bali)\" data-caption=\"Rizi\u00e8res (Bali)\" data-title=\"Rizi\u00e8res (Bali)\" style=\" width:215px; height:215px;\" \/><\/div><FIGCAPTION class=\"\" data-alpha=\"5\" style=\"color:#ffffff; background-color:#b8b4b4; font-size:140; text-align:left; font-family:Default;\" ><div class=\"grid-gallery-figcaption-wrap\" style=\"\"><\/div><\/FIGCAPTION><\/FIGURE><FIGURE class=\"grid-gallery-caption\" data-grid-gallery-type=\"half-slide\" data-index=\"11\" style=\"display:none;border-radius:00;; margin:5.3px; width:2150;\" ><div class=\"crop\" style=\" width:2150; height:2150; overflow:hidden;\"><img decoding=\"async\" src=\"http:\/\/sergeradiuphoto.fr\/wp-content\/uploads\/2016\/09\/fruitsexotiques-215x215.jpg\" class=\"ggImg\" alt=\"Fruits exotiques\" title=\"Fruits exotiques\" data-description=\"Fruits exotiques\" data-caption=\"Fruits exotiques\" data-title=\"Fruits exotiques\" style=\" width:215px; height:215px;\" \/><\/div><FIGCAPTION class=\"\" data-alpha=\"5\" style=\"color:#ffffff; background-color:#b8b4b4; font-size:140; text-align:left; font-family:Default;\" ><div class=\"grid-gallery-figcaption-wrap\" style=\"\"><\/div><\/FIGCAPTION><\/FIGURE><FIGURE class=\"grid-gallery-caption\" data-grid-gallery-type=\"half-slide\" data-index=\"12\" style=\"display:none;border-radius:00;; margin:5.3px; width:2150;\" ><div class=\"crop\" style=\" width:2150; height:2150; overflow:hidden;\"><img decoding=\"async\" src=\"http:\/\/sergeradiuphoto.fr\/wp-content\/uploads\/2016\/09\/fruitsexotiques2-215x215.jpg\" class=\"ggImg\" alt=\"Fruits exotiques\" title=\"Fruits exotiques\" data-description=\"Fruits exotiques\" data-caption=\"Fruits exotiques\" data-title=\"Fruits exotiques\" style=\" width:215px; height:215px;\" \/><\/div><FIGCAPTION class=\"\" data-alpha=\"5\" style=\"color:#ffffff; background-color:#b8b4b4; font-size:140; text-align:left; font-family:Default;\" ><div class=\"grid-gallery-figcaption-wrap\" style=\"\"><\/div><\/FIGCAPTION><\/FIGURE><FIGURE class=\"grid-gallery-caption\" data-grid-gallery-type=\"half-slide\" data-index=\"13\" style=\"display:none;border-radius:00;; margin:5.3px; width:2150;\" ><div class=\"crop\" style=\" width:2150; height:2150; overflow:hidden;\"><img decoding=\"async\" src=\"http:\/\/sergeradiuphoto.fr\/wp-content\/uploads\/2016\/09\/Bali2-215x215.jpg\" class=\"ggImg\" alt=\"C\u00e9r\u00e9monie fun\u00e9raire (Bali)\" title=\"C\u00e9r\u00e9monie fun\u00e9raire (Bali)\" data-description=\"C\u00e9r\u00e9monie fun\u00e9raire (Bali)\" data-caption=\"C\u00e9r\u00e9monie fun\u00e9raire (Bali)\" data-title=\"C\u00e9r\u00e9monie fun\u00e9raire (Bali)\" style=\" width:215px; height:215px;\" \/><\/div><FIGCAPTION class=\"\" data-alpha=\"5\" style=\"color:#ffffff; background-color:#b8b4b4; font-size:140; text-align:left; font-family:Default;\" ><div class=\"grid-gallery-figcaption-wrap\" style=\"\"><\/div><\/FIGCAPTION><\/FIGURE><FIGURE class=\"grid-gallery-caption\" data-grid-gallery-type=\"half-slide\" data-index=\"14\" style=\"display:none;border-radius:00;; margin:5.3px; width:2150;\" ><div class=\"crop\" style=\" width:2150; height:2150; overflow:hidden;\"><img decoding=\"async\" src=\"http:\/\/sergeradiuphoto.fr\/wp-content\/uploads\/2016\/09\/ambulant-215x215.jpg\" class=\"ggImg\" alt=\"Ambulant (Bali)\" title=\"Ambulant (Bali)\" data-description=\"Ambulant (Bali)\" data-caption=\"Amnulant (Bali)\" data-title=\"Ambulant (Bali)\" style=\" width:215px; height:215px;\" \/><\/div><FIGCAPTION class=\"\" data-alpha=\"5\" style=\"color:#ffffff; background-color:#b8b4b4; font-size:140; text-align:left; font-family:Default;\" ><div class=\"grid-gallery-figcaption-wrap\" style=\"\"><\/div><\/FIGCAPTION><\/FIGURE><FIGURE class=\"grid-gallery-caption\" data-grid-gallery-type=\"half-slide\" data-index=\"15\" style=\"display:none;border-radius:00;; margin:5.3px; width:2150;\" ><div class=\"crop\" style=\" width:2150; height:2150; overflow:hidden;\"><img decoding=\"async\" src=\"http:\/\/sergeradiuphoto.fr\/wp-content\/uploads\/2016\/09\/femmes-215x215.jpg\" class=\"ggImg\" alt=\"3 femmes (Bali)\" title=\"3 femmes (Bali)\" data-description=\"3 femmes (Bali)\" data-caption=\"3 femmes (Bali)\" data-title=\"3 femmes (Bali)\" style=\" width:215px; height:215px;\" \/><\/div><FIGCAPTION class=\"\" data-alpha=\"5\" style=\"color:#ffffff; background-color:#b8b4b4; font-size:140; text-align:left; font-family:Default;\" ><div class=\"grid-gallery-figcaption-wrap\" style=\"\"><\/div><\/FIGCAPTION><\/FIGURE><FIGURE class=\"grid-gallery-caption\" data-grid-gallery-type=\"half-slide\" data-index=\"16\" style=\"display:none;border-radius:00;; margin:5.3px; width:2150;\" ><div class=\"crop\" style=\" width:2150; height:2150; overflow:hidden;\"><img decoding=\"async\" src=\"http:\/\/sergeradiuphoto.fr\/wp-content\/uploads\/2016\/09\/cermonie4-215x215.jpg\" class=\"ggImg\" alt=\"C\u00e9r\u00e9monie fun\u00e9raire (Bali)\" title=\"C\u00e9r\u00e9monie fun\u00e9raire (Bali)\" data-description=\"C\u00e9r\u00e9monie fun\u00e9raire (Bali)\" data-caption=\"C\u00e9r\u00e9monie fun\u00e9raire (Bali)\" data-title=\"C\u00e9r\u00e9monie fun\u00e9raire (Bali)\" style=\" width:215px; height:215px;\" \/><\/div><FIGCAPTION class=\"\" data-alpha=\"5\" style=\"color:#ffffff; background-color:#b8b4b4; font-size:140; text-align:left; font-family:Default;\" ><div class=\"grid-gallery-figcaption-wrap\" style=\"\"><\/div><\/FIGCAPTION><\/FIGURE><FIGURE class=\"grid-gallery-caption\" data-grid-gallery-type=\"half-slide\" data-index=\"17\" style=\"display:none;border-radius:00;; margin:5.3px; width:2150;\" ><div class=\"crop\" style=\" width:2150; height:2150; overflow:hidden;\"><img decoding=\"async\" src=\"http:\/\/sergeradiuphoto.fr\/wp-content\/uploads\/2016\/09\/ceremonie3-215x215.jpg\" class=\"ggImg\" alt=\"C\u00e9r\u00e9monie fun\u00e9raire (Bali)\" title=\"C\u00e9r\u00e9monie fun\u00e9raire (Bali)\" data-description=\"C\u00e9r\u00e9monie fun\u00e9raire (Bali)\" data-caption=\"C\u00e9r\u00e9monie fun\u00e9raire (Bali)\" data-title=\"C\u00e9r\u00e9monie fun\u00e9raire (Bali)\" style=\" width:215px; height:215px;\" \/><\/div><FIGCAPTION class=\"\" data-alpha=\"5\" style=\"color:#ffffff; background-color:#b8b4b4; font-size:140; text-align:left; font-family:Default;\" ><div class=\"grid-gallery-figcaption-wrap\" style=\"\"><\/div><\/FIGCAPTION><\/FIGURE><FIGURE class=\"grid-gallery-caption\" data-grid-gallery-type=\"half-slide\" data-index=\"18\" style=\"display:none;border-radius:00;; margin:5.3px; width:2150;\" ><div class=\"crop\" style=\" width:2150; height:2150; overflow:hidden;\"><img decoding=\"async\" src=\"http:\/\/sergeradiuphoto.fr\/wp-content\/uploads\/2016\/09\/ceremonie2-215x215.jpg\" class=\"ggImg\" alt=\"C\u00e9r\u00e9monie fun\u00e9raire (Bali)\" title=\"C\u00e9r\u00e9monie fun\u00e9raire (Bali)\" data-description=\"C\u00e9r\u00e9monie fun\u00e9raire (Bali)\" data-caption=\"C\u00e9r\u00e9monie fun\u00e9raire (Bali)\" data-title=\"C\u00e9r\u00e9monie fun\u00e9raire (Bali)\" style=\" width:215px; height:215px;\" \/><\/div><FIGCAPTION class=\"\" data-alpha=\"5\" style=\"color:#ffffff; background-color:#b8b4b4; font-size:140; text-align:left; font-family:Default;\" ><div class=\"grid-gallery-figcaption-wrap\" style=\"\"><\/div><\/FIGCAPTION><\/FIGURE><FIGURE class=\"grid-gallery-caption\" data-grid-gallery-type=\"half-slide\" data-index=\"19\" style=\"display:none;border-radius:00;; margin:5.3px; width:2150;\" ><div class=\"crop\" style=\" width:2150; height:2150; overflow:hidden;\"><img decoding=\"async\" src=\"http:\/\/sergeradiuphoto.fr\/wp-content\/uploads\/2016\/09\/ceremonie1-215x215.jpg\" class=\"ggImg\" alt=\"C\u00e9r\u00e9monie fun\u00e9raire (Bali)\" title=\"C\u00e9r\u00e9monie fun\u00e9raire (Bali)\" data-description=\"C\u00e9r\u00e9monie fun\u00e9raire (Bali)\" data-caption=\"C\u00e9r\u00e9monie fun\u00e9raire (Bali)\" data-title=\"C\u00e9r\u00e9monie fun\u00e9raire (Bali)\" style=\" width:215px; height:215px;\" \/><\/div><FIGCAPTION class=\"\" data-alpha=\"5\" style=\"color:#ffffff; background-color:#b8b4b4; font-size:140; text-align:left; font-family:Default;\" ><div class=\"grid-gallery-figcaption-wrap\" style=\"\"><\/div><\/FIGCAPTION><\/FIGURE> <div class=\"grid-gallery-clearfix\"><\/div> <\/div> <div class=\"gallery-sharing-bottom\" style=\"display:none;\"> <\/div> <div class=\"gallery-sharing-image\" style=\"display:none;\"> <\/div> <div class=\"gallery-sharing-popup\" style=\"display:none;\"> <\/div> <div class=\"grid-gallery-clearfix\"><\/div> <\/div> <!-- Gallery by Supsystic plugin1.15.25 --><a title=\"Gallery Wordpress\" style=\"display:none;\" href=\"https:\/\/supsystic.com\/plugins\/photo-gallery\/?utm_medium=love_link\" target=\"_blank\">Gallery Wordpress<\/a>\n","protected":false},"excerpt":{"rendered":"","protected":false},"author":1,"featured_media":0,"parent":14,"menu_order":0,"comment_status":"closed","ping_status":"closed","template":"","meta":{"om_disable_all_campaigns":false,"_monsterinsights_skip_tracking":false,"_monsterinsights_sitenote_active":false,"_monsterinsights_sitenote_note":"","_monsterinsights_sitenote_category":0,"footnotes":""},"class_list":["post-18","page","type-page","status-publish","hentry"],"aioseo_notices":[],"_links":{"self":[{"href":"https:\/\/sergeradiuphoto.fr\/index.php\/wp-json\/wp\/v2\/pages\/18","targetHints":{"allow":["GET"]}}],"collection":[{"href":"https:\/\/sergeradiuphoto.fr\/index.php\/wp-json\/wp\/v2\/pages"}],"about":[{"href":"https:\/\/sergeradiuphoto.fr\/index.php\/wp-json\/wp\/v2\/types\/page"}],"author":[{"embeddable":true,"href":"https:\/\/sergeradiuphoto.fr\/index.php\/wp-json\/wp\/v2\/users\/1"}],"replies":[{"embeddable":true,"href":"https:\/\/sergeradiuphoto.fr\/index.php\/wp-json\/wp\/v2\/comments?post=18"}],"version-history":[{"count":3,"href":"https:\/\/sergeradiuphoto.fr\/index.php\/wp-json\/wp\/v2\/pages\/18\/revisions"}],"predecessor-version":[{"id":209,"href":"https:\/\/sergeradiuphoto.fr\/index.php\/wp-json\/wp\/v2\/pages\/18\/revisions\/209"}],"up":[{"embeddable":true,"href":"https:\/\/sergeradiuphoto.fr\/index.php\/wp-json\/wp\/v2\/pages\/14"}],"wp:attachment":[{"href":"https:\/\/sergeradiuphoto.fr\/index.php\/wp-json\/wp\/v2\/media?parent=18"}],"curies":[{"name":"wp","href":"https:\/\/api.w.org\/{rel}","templated":true}]}}